{"id":2540,"date":"2019-06-27T15:17:32","date_gmt":"2019-06-27T15:17:32","guid":{"rendered":"https:\/\/hotel-alp-bovec.com\/konferenzraum\/"},"modified":"2024-12-19T09:21:52","modified_gmt":"2024-12-19T08:21:52","slug":"konferenzraum","status":"publish","type":"page","link":"https:\/\/hotel-alp-bovec.com\/de\/konferenzraum\/","title":{"rendered":"Kongressraum"},"content":{"rendered":"<p>[et_pb_section fb_built=&#8221;1&#8243; fullwidth=&#8221;on&#8221; _builder_version=&#8221;4.16&#8243; global_colors_info=&#8221;{}&#8221;][et_pb_fullwidth_header title=&#8221;KONGRESSRAUM&#8221; subhead=&#8221;Gesch\u00e4ft mit Blick auf die Julischen Alpen&#8221; button_one_text=&#8221;Preisliste&#8221; button_one_url=&#8221;https:\/\/hotel-alp-bovec.com\/de\/preisliste\/?lang=de#sejna-soba&#8221; button_two_text=&#8221;Anfrage senden&#8221; button_two_url=&#8221;#Kontakt&#8221; background_overlay_color=&#8221;rgba(0,0,0,0.5)&#8221; scroll_down_icon_size_tablet=&#8221;50&#8243; admin_label=&#8221;Hotel ALP Fullwidth Header&#8221; _builder_version=&#8221;4.27.4&#8243; title_font=&#8221;|on|||&#8221; title_font_size=&#8221;46px&#8221; subhead_font=&#8221;||||||||&#8221; subhead_font_size=&#8221;21px&#8221; background_color=&#8221;rgba(255,255,255,0)&#8221; background_image=&#8221;https:\/\/hotel-alp-bovec.com\/wp-content\/uploads\/2023\/01\/Sejna-soba-1.jpg&#8221; custom_button_one=&#8221;on&#8221; button_one_text_color=&#8221;#ffffff&#8221; custom_button_two=&#8221;on&#8221; button_two_text_color=&#8221;#ffffff&#8221; button_two_font=&#8221;||||||||&#8221; hover_enabled=&#8221;0&#8243; subhead_font_size_tablet=&#8221;51&#8243; button_one_text_size_tablet=&#8221;1&#8243; button_one_letter_spacing_tablet=&#8221;0&#8243; button_two_text_size_tablet=&#8221;1&#8243; button_two_letter_spacing_tablet=&#8221;0&#8243; global_colors_info=&#8221;{}&#8221; button_one_text_size__hover_enabled=&#8221;off&#8221; button_two_text_size__hover_enabled=&#8221;off&#8221; button_one_text_color__hover_enabled=&#8221;off&#8221; button_two_text_color__hover_enabled=&#8221;off&#8221; button_one_border_width__hover_enabled=&#8221;off&#8221; button_two_border_width__hover_enabled=&#8221;off&#8221; button_one_border_color__hover_enabled=&#8221;off&#8221; button_two_border_color__hover_enabled=&#8221;off&#8221; button_one_border_radius__hover_enabled=&#8221;off&#8221; button_two_border_radius__hover_enabled=&#8221;off&#8221; button_one_letter_spacing__hover_enabled=&#8221;off&#8221; button_two_letter_spacing__hover_enabled=&#8221;off&#8221; button_one_bg_color__hover_enabled=&#8221;off&#8221; button_two_bg_color__hover_enabled=&#8221;off&#8221; title_text=&#8221;Sejna soba 1&#8243; sticky_enabled=&#8221;0&#8243;][\/et_pb_fullwidth_header][\/et_pb_section][et_pb_section fb_built=&#8221;1&#8243; admin_label=&#8221;Seminarji&#8221; _builder_version=&#8221;4.16&#8243; background_color=&#8221;#f2f2f2&#8243; custom_margin=&#8221;||&#8221; custom_padding=&#8221;||&#8221; global_colors_info=&#8221;{}&#8221;][et_pb_row column_structure=&#8221;3_5,2_5&#8243; _builder_version=&#8221;4.16&#8243; global_colors_info=&#8221;{}&#8221;][et_pb_column type=&#8221;3_5&#8243; _builder_version=&#8221;4.16&#8243; custom_padding=&#8221;|||&#8221; custom_css_after=&#8221;z-index: 10;&#8221; global_colors_info=&#8221;{}&#8221; custom_padding__hover=&#8221;|||&#8221;][et_pb_slider _builder_version=&#8221;4.27.4&#8243; custom_padding=&#8221;||500px&#8221; hover_enabled=&#8221;0&#8243; global_colors_info=&#8221;{}&#8221; sticky_enabled=&#8221;0&#8243;][et_pb_slide _builder_version=&#8221;4.27.4&#8243; background_image=&#8221;https:\/\/hotel-alp-bovec.com\/wp-content\/uploads\/2023\/01\/Sejna-soba-1.jpg&#8221; custom_padding=&#8221;||250px&#8221; hover_enabled=&#8221;0&#8243; global_colors_info=&#8221;{}&#8221; sticky_transition=&#8221;on&#8221; title_text=&#8221;Sejna soba 1&#8243; background_enable_image=&#8221;on&#8221; sticky_enabled=&#8221;0&#8243;][\/et_pb_slide][et_pb_slide _builder_version=&#8221;4.27.4&#8243; background_image=&#8221;https:\/\/hotel-alp-bovec.com\/wp-content\/uploads\/2023\/01\/Sejna-soba-2.jpg&#8221; hover_enabled=&#8221;0&#8243; global_colors_info=&#8221;{}&#8221; sticky_transition=&#8221;on&#8221; title_text=&#8221;Sejna soba 2&#8243; background_enable_image=&#8221;on&#8221; sticky_enabled=&#8221;0&#8243;][\/et_pb_slide][\/et_pb_slider][\/et_pb_column][et_pb_column type=&#8221;2_5&#8243; _builder_version=&#8221;4.16&#8243; custom_padding=&#8221;|||&#8221; custom_css_after=&#8221;z-index: 12;&#8221; global_colors_info=&#8221;{}&#8221; custom_padding__hover=&#8221;|||&#8221;][et_pb_text _builder_version=&#8221;4.16&#8243; header_font=&#8221;||||||||&#8221; header_3_font=&#8221;Playfair Display|700||on|||||&#8221; header_3_font_size=&#8221;26px&#8221; header_3_line_height=&#8221;1.2em&#8221; custom_margin=&#8221;-30px|||-30px&#8221; custom_padding=&#8221;60px|60px|60px|60px&#8221; box_shadow_style=&#8221;preset2&#8243; box_shadow_horizontal=&#8221;0px&#8221; box_shadow_vertical=&#8221;2px&#8221; global_colors_info=&#8221;{}&#8221;]<\/p>\n<h3>BUSINESS MIT BLICK AUF DIE JULISCHEN ALPEN<\/h3>\n<p>Gesch\u00e4ftskonferenz? Mitarbeiter Event? Bildung? Oder eine Business-to-Business-Veranstaltung f\u00fcr Gesch\u00e4ftspartner?<br \/> Wir bieten Ihnen die Anmietung eines Kongresssaals &#8211; Seminarr\u00e4ume. Nutzen Sie diese Gelegenheit, um mit uns ein erstklassiges Gesch\u00e4ftstreffen vorzubereiten, denn wir bieten qualitativ hochwertige Kongressdienstleistungen.<\/p>\n<p>Ausgestatteter Tagungsraum mit w\u00fcnschenswerter Tisch- und Stuhlaufteilung, Nutzung von Projektor und Leinwand, Nutzung des Konferenzmikrofons, Nutzung des Flipcharts und Nutzung des WiFi-Internets. Was ist mehr! Wir bieten auch Kaffeepausen, Mittagessen und alle anderen Arten von Catering an, einschlie\u00dflich abschlie\u00dfender Unterhaltung und Live-Musik, falls gew\u00fcnscht.<\/p>\n<p>Wir k\u00f6nnen auch TEAM BUILDINGE und sportliche Aktivit\u00e4ten wie Seilrutschen, Rafting, Kajakfahren und andere vom Bovec Valley angebotene Aktivit\u00e4ten organisieren. Sie, Ihre Mitarbeiter und Gesch\u00e4ftspartner werden betreut.<\/p>\n<p>Gesch\u00e4ftsveranstaltungen im So\u010datal haben ihren Reiz. Kommen Sie und probieren Sie es aus.<\/p>\n<p>[\/et_pb_text][\/et_pb_column][\/et_pb_row][et_pb_row module_id=&#8221;kontakt&#8221; _builder_version=&#8221;4.16&#8243; global_colors_info=&#8221;{}&#8221;][et_pb_column type=&#8221;4_4&#8243; _builder_version=&#8221;4.16&#8243; custom_padding=&#8221;|||&#8221; global_colors_info=&#8221;{}&#8221; custom_padding__hover=&#8221;|||&#8221;][et_pb_text _builder_version=&#8221;4.16&#8243; header_font=&#8221;Playfair Display||||||||&#8221; global_colors_info=&#8221;{}&#8221;]<\/p>\n<h1><strong>Nachfrage<\/strong><\/h1>\n<p>[\/et_pb_text][et_pb_contact_form captcha=&#8221;off&#8221; email=&#8221;info@hotel-alp-bovec.com&#8221; success_message=&#8221;Vielen Dank f\u00fcr Ihre Anfrage. Wir werden Sie so schnell wie m\u00f6glich \u00fcber die Optionen informieren.&#8221; submit_button_text=&#8221;Anfrage senden&#8221; _builder_version=&#8221;4.16&#8243; _unique_id=&#8221;2f93aa3c-871d-4e45-bd89-083451472403&#8243; custom_button=&#8221;on&#8221; button_text_color=&#8221;#d8b570&#8243; button_font=&#8221;||||||||&#8221; global_colors_info=&#8221;{}&#8221;][et_pb_contact_field field_id=&#8221;Name&#8221; field_title=&#8221;Vor- und Nachname&#8221; fullwidth_field=&#8221;on&#8221; _builder_version=&#8221;4.16&#8243; global_colors_info=&#8221;{}&#8221; button_text_size__hover_enabled=&#8221;off&#8221; button_one_text_size__hover_enabled=&#8221;off&#8221; button_two_text_size__hover_enabled=&#8221;off&#8221; button_text_color__hover_enabled=&#8221;off&#8221; button_one_text_color__hover_enabled=&#8221;off&#8221; button_two_text_color__hover_enabled=&#8221;off&#8221; button_border_width__hover_enabled=&#8221;off&#8221; button_one_border_width__hover_enabled=&#8221;off&#8221; button_two_border_width__hover_enabled=&#8221;off&#8221; button_border_color__hover_enabled=&#8221;off&#8221; button_one_border_color__hover_enabled=&#8221;off&#8221; button_two_border_color__hover_enabled=&#8221;off&#8221; button_border_radius__hover_enabled=&#8221;off&#8221; button_one_border_radius__hover_enabled=&#8221;off&#8221; button_two_border_radius__hover_enabled=&#8221;off&#8221; button_letter_spacing__hover_enabled=&#8221;off&#8221; button_one_letter_spacing__hover_enabled=&#8221;off&#8221; button_two_letter_spacing__hover_enabled=&#8221;off&#8221; button_bg_color__hover_enabled=&#8221;off&#8221; button_one_bg_color__hover_enabled=&#8221;off&#8221; button_two_bg_color__hover_enabled=&#8221;off&#8221;][\/et_pb_contact_field][et_pb_contact_field field_id=&#8221;Email&#8221; field_title=&#8221;Deine E-Mail&#8221; field_type=&#8221;email&#8221; _builder_version=&#8221;4.16&#8243; global_colors_info=&#8221;{}&#8221; button_text_size__hover_enabled=&#8221;off&#8221; button_one_text_size__hover_enabled=&#8221;off&#8221; button_two_text_size__hover_enabled=&#8221;off&#8221; button_text_color__hover_enabled=&#8221;off&#8221; button_one_text_color__hover_enabled=&#8221;off&#8221; button_two_text_color__hover_enabled=&#8221;off&#8221; button_border_width__hover_enabled=&#8221;off&#8221; button_one_border_width__hover_enabled=&#8221;off&#8221; button_two_border_width__hover_enabled=&#8221;off&#8221; button_border_color__hover_enabled=&#8221;off&#8221; button_one_border_color__hover_enabled=&#8221;off&#8221; button_two_border_color__hover_enabled=&#8221;off&#8221; button_border_radius__hover_enabled=&#8221;off&#8221; button_one_border_radius__hover_enabled=&#8221;off&#8221; button_two_border_radius__hover_enabled=&#8221;off&#8221; button_letter_spacing__hover_enabled=&#8221;off&#8221; button_one_letter_spacing__hover_enabled=&#8221;off&#8221; button_two_letter_spacing__hover_enabled=&#8221;off&#8221; button_bg_color__hover_enabled=&#8221;off&#8221; button_one_bg_color__hover_enabled=&#8221;off&#8221; button_two_bg_color__hover_enabled=&#8221;off&#8221;][\/et_pb_contact_field][et_pb_contact_field field_id=&#8221;Telefon&#8221; field_title=&#8221;Telefon&#8221; _builder_version=&#8221;4.16&#8243; global_colors_info=&#8221;{}&#8221;][\/et_pb_contact_field][et_pb_contact_field field_id=&#8221;Message&#8221; field_title=&#8221;Die Nachricht&#8221; field_type=&#8221;text&#8221; fullwidth_field=&#8221;on&#8221; _builder_version=&#8221;4.16&#8243; global_colors_info=&#8221;{}&#8221; button_text_size__hover_enabled=&#8221;off&#8221; button_one_text_size__hover_enabled=&#8221;off&#8221; button_two_text_size__hover_enabled=&#8221;off&#8221; button_text_color__hover_enabled=&#8221;off&#8221; button_one_text_color__hover_enabled=&#8221;off&#8221; button_two_text_color__hover_enabled=&#8221;off&#8221; button_border_width__hover_enabled=&#8221;off&#8221; button_one_border_width__hover_enabled=&#8221;off&#8221; button_two_border_width__hover_enabled=&#8221;off&#8221; button_border_color__hover_enabled=&#8221;off&#8221; button_one_border_color__hover_enabled=&#8221;off&#8221; button_two_border_color__hover_enabled=&#8221;off&#8221; button_border_radius__hover_enabled=&#8221;off&#8221; button_one_border_radius__hover_enabled=&#8221;off&#8221; button_two_border_radius__hover_enabled=&#8221;off&#8221; button_letter_spacing__hover_enabled=&#8221;off&#8221; button_one_letter_spacing__hover_enabled=&#8221;off&#8221; button_two_letter_spacing__hover_enabled=&#8221;off&#8221; button_bg_color__hover_enabled=&#8221;off&#8221; button_one_bg_color__hover_enabled=&#8221;off&#8221; button_two_bg_color__hover_enabled=&#8221;off&#8221;][\/et_pb_contact_field][\/et_pb_contact_form][\/et_pb_column][\/et_pb_row][\/et_pb_section][et_pb_section fb_built=&#8221;1&#8243; _builder_version=&#8221;4.16&#8243; background_color=&#8221;#d8b570&#8243; custom_padding=&#8221;0px|0px|0px|0px&#8221; global_colors_info=&#8221;{}&#8221;][et_pb_row module_class=&#8221; et_pb_row_fullwidth&#8221; _builder_version=&#8221;4.16&#8243; width=&#8221;89%&#8221; width_tablet=&#8221;80%&#8221; width_phone=&#8221;&#8221; width_last_edited=&#8221;on|desktop&#8221; max_width=&#8221;89%&#8221; max_width_tablet=&#8221;80%&#8221; max_width_phone=&#8221;&#8221; max_width_last_edited=&#8221;on|desktop&#8221; make_fullwidth=&#8221;on&#8221; global_colors_info=&#8221;{}&#8221;][et_pb_column type=&#8221;4_4&#8243; _builder_version=&#8221;4.16&#8243; background_position=&#8221;top_left&#8221; custom_padding=&#8221;|||&#8221; global_colors_info=&#8221;{}&#8221; custom_padding__hover=&#8221;|||&#8221;][et_pb_text admin_label=&#8221;Spodnja pasica&#8221; _builder_version=&#8221;4.16&#8243; text_font=&#8221;|on|on||&#8221; text_orientation=&#8221;center&#8221; background_layout=&#8221;dark&#8221; module_alignment=&#8221;center&#8221; text_font_size_tablet=&#8221;51&#8243; text_line_height_tablet=&#8221;2&#8243; header_font_size_tablet=&#8221;51&#8243; header_line_height_tablet=&#8221;2&#8243; global_colors_info=&#8221;{}&#8221;]Reservierung bei: <a style=\"color: white;\" href=\"mailto:info@hotel-alp-bovec.com\"><i class=\"fa fa-envelope\" title=\"Kontakt\"><\/i> info@hotel-alp-bovec.com<\/a>\u00a0\u00a0<a style=\"color: white;\" href=\"tel0038653884000\"><i class=\"fa fa-phone\" title=\"Pokli\u010dite nas\"><\/i> +386 5 38 84 000<\/a>[\/et_pb_text][\/et_pb_column][\/et_pb_row][\/et_pb_section][et_pb_section fb_built=&#8221;1&#8243; _builder_version=&#8221;4.16&#8243; background_color=&#8221;rgba(23,23,32,0.7)&#8221; background_image=&#8221;https:\/\/hotel-alp-bovec.com\/wp-content\/uploads\/2019\/03\/Bovec_2018-63.jpg&#8221; background_blend=&#8221;multiply&#8221; global_colors_info=&#8221;{}&#8221;][et_pb_row _builder_version=&#8221;4.16&#8243; width=&#8221;50%&#8221; max_width=&#8221;50%&#8221; use_custom_width=&#8221;on&#8221; width_unit=&#8221;off&#8221; custom_width_percent=&#8221;50%&#8221; global_colors_info=&#8221;{}&#8221;][et_pb_column type=&#8221;4_4&#8243; _builder_version=&#8221;4.16&#8243; background_position=&#8221;top_left&#8221; custom_padding=&#8221;|||&#8221; global_colors_info=&#8221;{}&#8221; custom_padding__hover=&#8221;|||&#8221;][et_pb_cta title=&#8221;M\u00d6CHTEN SIE EIN ZIMMER BUCHEN?&#8221; button_url=&#8221;https:\/\/hotel-alp-bovec.com\/de\/zimmer\/&#8221; button_text=&#8221;BUCHEN SIE DAS ZIMMER&#8221; admin_label=&#8221;Booking CTA&#8221; _builder_version=&#8221;4.16&#8243; header_font=&#8221;|on|||&#8221; header_font_size=&#8221;36&#8243; body_font_size=&#8221;18&#8243; use_background_color=&#8221;off&#8221; custom_button=&#8221;on&#8221; button_font=&#8221;||||||||&#8221; header_font_size_tablet=&#8221;51&#8243; header_line_height_tablet=&#8221;2&#8243; body_font_size_tablet=&#8221;51&#8243; body_line_height_tablet=&#8221;2&#8243; button_text_size_tablet=&#8221;1&#8243; button_letter_spacing_tablet=&#8221;0&#8243; global_colors_info=&#8221;{}&#8221; button_text_size__hover_enabled=&#8221;off&#8221; button_one_text_size__hover_enabled=&#8221;off&#8221; button_two_text_size__hover_enabled=&#8221;off&#8221; button_text_color__hover_enabled=&#8221;off&#8221; button_one_text_color__hover_enabled=&#8221;off&#8221; button_two_text_color__hover_enabled=&#8221;off&#8221; button_border_width__hover_enabled=&#8221;off&#8221; button_one_border_width__hover_enabled=&#8221;off&#8221; button_two_border_width__hover_enabled=&#8221;off&#8221; button_border_color__hover_enabled=&#8221;off&#8221; button_one_border_color__hover_enabled=&#8221;off&#8221; button_two_border_color__hover_enabled=&#8221;off&#8221; button_border_radius__hover_enabled=&#8221;off&#8221; button_one_border_radius__hover_enabled=&#8221;off&#8221; button_two_border_radius__hover_enabled=&#8221;off&#8221; button_letter_spacing__hover_enabled=&#8221;off&#8221; button_one_letter_spacing__hover_enabled=&#8221;off&#8221; button_two_letter_spacing__hover_enabled=&#8221;off&#8221; button_bg_color__hover_enabled=&#8221;off&#8221; button_one_bg_color__hover_enabled=&#8221;off&#8221; button_two_bg_color__hover_enabled=&#8221;off&#8221;][\/et_pb_cta][\/et_pb_column][\/et_pb_row][\/et_pb_section][et_pb_section fb_built=&#8221;1&#8243; fullwidth=&#8221;on&#8221; _builder_version=&#8221;4.16&#8243; global_colors_info=&#8221;{}&#8221;][\/et_pb_section]<\/p>\n","protected":false},"excerpt":{"rendered":"<p>BUSINESS MIT BLICK AUF DIE JULISCHEN ALPEN Gesch\u00e4ftskonferenz? Mitarbeiter Event? Bildung? Oder eine Business-to-Business-Veranstaltung f\u00fcr Gesch\u00e4ftspartner? Wir bieten Ihnen die Anmietung eines Kongresssaals &#8211; Seminarr\u00e4ume. Nutzen Sie diese Gelegenheit, um mit uns ein erstklassiges Gesch\u00e4ftstreffen vorzubereiten, denn wir bieten qualitativ hochwertige Kongressdienstleistungen. Ausgestatteter Tagungsraum mit w\u00fcnschenswerter Tisch- und Stuhlaufteilung, Nutzung von Projektor und Leinwand, Nutzung [&hellip;]<\/p>\n","protected":false},"author":1,"featured_media":0,"parent":0,"menu_order":0,"comment_status":"closed","ping_status":"closed","template":"","meta":{"_acf_changed":false,"_et_pb_use_builder":"on","_et_pb_old_content":"","_et_gb_content_width":"","footnotes":""},"class_list":["post-2540","page","type-page","status-publish","hentry"],"acf":[],"yoast_head":"<!-- This site is optimized with the Yoast SEO plugin v27.6 - https:\/\/yoast.com\/product\/yoast-seo-wordpress\/ -->\n<title>Kongressraum - Hotel ALP Bovec<\/title>\n<meta name=\"robots\" content=\"index, follow, max-snippet:-1, max-image-preview:large, max-video-preview:-1\" \/>\n<link rel=\"canonical\" href=\"https:\/\/hotel-alp-bovec.com\/de\/konferenzraum\/\" \/>\n<meta property=\"og:locale\" content=\"de_DE\" \/>\n<meta property=\"og:type\" content=\"article\" \/>\n<meta property=\"og:title\" content=\"Kongressraum - Hotel ALP Bovec\" \/>\n<meta property=\"og:description\" content=\"BUSINESS MIT BLICK AUF DIE JULISCHEN ALPEN Gesch\u00e4ftskonferenz? Mitarbeiter Event? Bildung? Oder eine Business-to-Business-Veranstaltung f\u00fcr Gesch\u00e4ftspartner? Wir bieten Ihnen die Anmietung eines Kongresssaals - Seminarr\u00e4ume. Nutzen Sie diese Gelegenheit, um mit uns ein erstklassiges Gesch\u00e4ftstreffen vorzubereiten, denn wir bieten qualitativ hochwertige Kongressdienstleistungen. Ausgestatteter Tagungsraum mit w\u00fcnschenswerter Tisch- und Stuhlaufteilung, Nutzung von Projektor und Leinwand, Nutzung [&hellip;]\" \/>\n<meta property=\"og:url\" content=\"https:\/\/hotel-alp-bovec.com\/de\/konferenzraum\/\" \/>\n<meta property=\"og:site_name\" content=\"Hotel ALP Bovec\" \/>\n<meta property=\"article:modified_time\" content=\"2024-12-19T08:21:52+00:00\" \/>\n<meta name=\"twitter:card\" content=\"summary_large_image\" \/>\n<meta name=\"twitter:label1\" content=\"Est. reading time\" \/>\n\t<meta name=\"twitter:data1\" content=\"8 minutes\" \/>\n<script type=\"application\/ld+json\" class=\"yoast-schema-graph\">{\"@context\":\"https:\\\/\\\/schema.org\",\"@graph\":[{\"@type\":\"WebPage\",\"@id\":\"https:\\\/\\\/hotel-alp-bovec.com\\\/de\\\/konferenzraum\\\/\",\"url\":\"https:\\\/\\\/hotel-alp-bovec.com\\\/de\\\/konferenzraum\\\/\",\"name\":\"Kongressraum - Hotel ALP Bovec\",\"isPartOf\":{\"@id\":\"https:\\\/\\\/hotel-alp-bovec.com\\\/de\\\/#website\"},\"datePublished\":\"2019-06-27T15:17:32+00:00\",\"dateModified\":\"2024-12-19T08:21:52+00:00\",\"breadcrumb\":{\"@id\":\"https:\\\/\\\/hotel-alp-bovec.com\\\/de\\\/konferenzraum\\\/#breadcrumb\"},\"inLanguage\":\"de-DE\",\"potentialAction\":[{\"@type\":\"ReadAction\",\"target\":[\"https:\\\/\\\/hotel-alp-bovec.com\\\/de\\\/konferenzraum\\\/\"]}]},{\"@type\":\"BreadcrumbList\",\"@id\":\"https:\\\/\\\/hotel-alp-bovec.com\\\/de\\\/konferenzraum\\\/#breadcrumb\",\"itemListElement\":[{\"@type\":\"ListItem\",\"position\":1,\"name\":\"Home\",\"item\":\"https:\\\/\\\/hotel-alp-bovec.com\\\/de\\\/\"},{\"@type\":\"ListItem\",\"position\":2,\"name\":\"Kongressraum\"}]},{\"@type\":\"WebSite\",\"@id\":\"https:\\\/\\\/hotel-alp-bovec.com\\\/de\\\/#website\",\"url\":\"https:\\\/\\\/hotel-alp-bovec.com\\\/de\\\/\",\"name\":\"Hotel ALP Bovec\",\"description\":\"\",\"potentialAction\":[{\"@type\":\"SearchAction\",\"target\":{\"@type\":\"EntryPoint\",\"urlTemplate\":\"https:\\\/\\\/hotel-alp-bovec.com\\\/de\\\/?s={search_term_string}\"},\"query-input\":{\"@type\":\"PropertyValueSpecification\",\"valueRequired\":true,\"valueName\":\"search_term_string\"}}],\"inLanguage\":\"de-DE\"}]}<\/script>\n<!-- \/ Yoast SEO plugin. -->","yoast_head_json":{"title":"Kongressraum - Hotel ALP Bovec","robots":{"index":"index","follow":"follow","max-snippet":"max-snippet:-1","max-image-preview":"max-image-preview:large","max-video-preview":"max-video-preview:-1"},"canonical":"https:\/\/hotel-alp-bovec.com\/de\/konferenzraum\/","og_locale":"de_DE","og_type":"article","og_title":"Kongressraum - Hotel ALP Bovec","og_description":"BUSINESS MIT BLICK AUF DIE JULISCHEN ALPEN Gesch\u00e4ftskonferenz? Mitarbeiter Event? Bildung? Oder eine Business-to-Business-Veranstaltung f\u00fcr Gesch\u00e4ftspartner? Wir bieten Ihnen die Anmietung eines Kongresssaals - Seminarr\u00e4ume. Nutzen Sie diese Gelegenheit, um mit uns ein erstklassiges Gesch\u00e4ftstreffen vorzubereiten, denn wir bieten qualitativ hochwertige Kongressdienstleistungen. Ausgestatteter Tagungsraum mit w\u00fcnschenswerter Tisch- und Stuhlaufteilung, Nutzung von Projektor und Leinwand, Nutzung [&hellip;]","og_url":"https:\/\/hotel-alp-bovec.com\/de\/konferenzraum\/","og_site_name":"Hotel ALP Bovec","article_modified_time":"2024-12-19T08:21:52+00:00","twitter_card":"summary_large_image","twitter_misc":{"Est. reading time":"8 minutes"},"schema":{"@context":"https:\/\/schema.org","@graph":[{"@type":"WebPage","@id":"https:\/\/hotel-alp-bovec.com\/de\/konferenzraum\/","url":"https:\/\/hotel-alp-bovec.com\/de\/konferenzraum\/","name":"Kongressraum - Hotel ALP Bovec","isPartOf":{"@id":"https:\/\/hotel-alp-bovec.com\/de\/#website"},"datePublished":"2019-06-27T15:17:32+00:00","dateModified":"2024-12-19T08:21:52+00:00","breadcrumb":{"@id":"https:\/\/hotel-alp-bovec.com\/de\/konferenzraum\/#breadcrumb"},"inLanguage":"de-DE","potentialAction":[{"@type":"ReadAction","target":["https:\/\/hotel-alp-bovec.com\/de\/konferenzraum\/"]}]},{"@type":"BreadcrumbList","@id":"https:\/\/hotel-alp-bovec.com\/de\/konferenzraum\/#breadcrumb","itemListElement":[{"@type":"ListItem","position":1,"name":"Home","item":"https:\/\/hotel-alp-bovec.com\/de\/"},{"@type":"ListItem","position":2,"name":"Kongressraum"}]},{"@type":"WebSite","@id":"https:\/\/hotel-alp-bovec.com\/de\/#website","url":"https:\/\/hotel-alp-bovec.com\/de\/","name":"Hotel ALP Bovec","description":"","potentialAction":[{"@type":"SearchAction","target":{"@type":"EntryPoint","urlTemplate":"https:\/\/hotel-alp-bovec.com\/de\/?s={search_term_string}"},"query-input":{"@type":"PropertyValueSpecification","valueRequired":true,"valueName":"search_term_string"}}],"inLanguage":"de-DE"}]}},"_links":{"self":[{"href":"https:\/\/hotel-alp-bovec.com\/de\/wp-json\/wp\/v2\/pages\/2540","targetHints":{"allow":["GET"]}}],"collection":[{"href":"https:\/\/hotel-alp-bovec.com\/de\/wp-json\/wp\/v2\/pages"}],"about":[{"href":"https:\/\/hotel-alp-bovec.com\/de\/wp-json\/wp\/v2\/types\/page"}],"author":[{"embeddable":true,"href":"https:\/\/hotel-alp-bovec.com\/de\/wp-json\/wp\/v2\/users\/1"}],"replies":[{"embeddable":true,"href":"https:\/\/hotel-alp-bovec.com\/de\/wp-json\/wp\/v2\/comments?post=2540"}],"version-history":[{"count":3,"href":"https:\/\/hotel-alp-bovec.com\/de\/wp-json\/wp\/v2\/pages\/2540\/revisions"}],"predecessor-version":[{"id":25924,"href":"https:\/\/hotel-alp-bovec.com\/de\/wp-json\/wp\/v2\/pages\/2540\/revisions\/25924"}],"wp:attachment":[{"href":"https:\/\/hotel-alp-bovec.com\/de\/wp-json\/wp\/v2\/media?parent=2540"}],"curies":[{"name":"wp","href":"https:\/\/api.w.org\/{rel}","templated":true}]}}