{"id":2512,"date":"2019-06-27T12:27:57","date_gmt":"2019-06-27T12:27:57","guid":{"rendered":"https:\/\/hotel-alp-bovec.com\/hochzeiten\/"},"modified":"2019-10-14T09:22:10","modified_gmt":"2019-10-14T09:22:10","slug":"hochzeiten","status":"publish","type":"page","link":"https:\/\/hotel-alp-bovec.com\/de\/hochzeiten\/","title":{"rendered":"Hochzeiten"},"content":{"rendered":"<p>[et_pb_section fb_built=&#8221;1&#8243; fullwidth=&#8221;on&#8221; _builder_version=&#8221;3.23.3&#8243;][et_pb_fullwidth_header title=&#8221;Eine Hochzeit in der Hand der Alpen&#8221; text_orientation=&#8221;center&#8221; background_overlay_color=&#8221;rgba(0,0,0,0.6)&#8221; title_font_color=&#8221;#000000&#8243; subhead_font_color=&#8221;#1599c1&#8243; scroll_down_icon_size_tablet=&#8221;50&#8243; admin_label=&#8221;Alp Hotel Header CTA&#8221; _builder_version=&#8221;3.23.3&#8243; title_font=&#8221;Playfair Display|700||on|||||&#8221; title_text_align=&#8221;center&#8221; title_text_color=&#8221;#d8b570&#8243; title_font_size=&#8221;40px&#8221; title_letter_spacing=&#8221;4px&#8221; title_line_height=&#8221;1.1em&#8221; subhead_font=&#8221;Playfair Display|on|||&#8221; subhead_text_color=&#8221;#d8b570&#8243; subhead_font_size=&#8221;72px&#8221; subhead_line_height=&#8221;1.1em&#8221; background_color=&#8221;rgba(0,0,0,0.4)&#8221; background_image=&#8221;https:\/\/hotel-alp-bovec.com\/wp-content\/uploads\/2017\/08\/band-blur-close-up-265730.jpg&#8221; background_position=&#8221;center_right&#8221; custom_button_one=&#8221;on&#8221; button_one_text_size=&#8221;20px&#8221; button_one_text_color=&#8221;#ffffff&#8221; button_one_bg_color=&#8221;rgba(0,0,0,0)&#8221; button_one_border_color=&#8221;#ffffff&#8221; button_one_border_radius=&#8221;0&#8243; button_one_font=&#8221;||||||||&#8221; button_one_use_icon=&#8221;off&#8221; background_layout=&#8221;light&#8221; subhead_font_size_tablet=&#8221;44px&#8221; subhead_font_size_phone=&#8221;24px&#8221; subhead_font_size_last_edited=&#8221;on|phone&#8221; button_one_letter_spacing_tablet=&#8221;0&#8243; button_two_text_size_tablet=&#8221;1&#8243; button_two_letter_spacing_tablet=&#8221;0&#8243; button_one_text_color_hover=&#8221;#000000&#8243; button_one_border_color_hover=&#8221;#ffffff&#8221; button_one_border_radius_hover=&#8221;0&#8243; button_one_letter_spacing_hover=&#8221;2&#8243; button_one_bg_color_hover=&#8221;#ffffff&#8221; button_one_text_size__hover_enabled=&#8221;off&#8221; button_two_text_size__hover_enabled=&#8221;off&#8221; button_one_text_color__hover_enabled=&#8221;on&#8221; button_one_text_color__hover=&#8221;#000000&#8243; button_two_text_color__hover_enabled=&#8221;off&#8221; button_one_border_width__hover_enabled=&#8221;off&#8221; button_two_border_width__hover_enabled=&#8221;off&#8221; button_one_border_color__hover_enabled=&#8221;on&#8221; button_one_border_color__hover=&#8221;#ffffff&#8221; button_two_border_color__hover_enabled=&#8221;off&#8221; button_one_border_radius__hover_enabled=&#8221;on&#8221; button_one_border_radius__hover=&#8221;0&#8243; button_two_border_radius__hover_enabled=&#8221;off&#8221; button_one_letter_spacing__hover_enabled=&#8221;on&#8221; button_one_letter_spacing__hover=&#8221;2&#8243; button_two_letter_spacing__hover_enabled=&#8221;off&#8221; button_one_bg_color__hover_enabled=&#8221;on&#8221; button_one_bg_color__hover=&#8221;#ffffff&#8221; button_two_bg_color__hover_enabled=&#8221;off&#8221;][\/et_pb_fullwidth_header][\/et_pb_section][et_pb_section fb_built=&#8221;1&#8243; _builder_version=&#8221;3.22.3&#8243;][et_pb_row _builder_version=&#8221;3.25&#8243; column_structure=&#8221;3_5,2_5&#8243;][et_pb_column type=&#8221;3_5&#8243; _builder_version=&#8221;3.25&#8243; custom_padding=&#8221;|||&#8221; custom_css_after=&#8221;border-right: 1px solid black&#8221; custom_padding__hover=&#8221;|||&#8221;][et_pb_text _builder_version=&#8221;3.26.1&#8243; border_width_right=&#8221;1px&#8221; custom_margin_last_edited=&#8221;on|desktop&#8221; custom_padding=&#8221;|50px||&#8221; border_radii_last_edited=&#8221;on|desktop&#8221;]Wenn Sie sich f\u00fcr unsere Dienstleistungen entscheiden, sorgen wir gerne daf\u00fcr, dass Ihr Tag wirklich ein Tag ist, den Sie nicht vergessen werden. In einer Mehrzweckhalle mit einer Kapazit\u00e4t von bis zu 140 Personen k\u00f6nnen wir Ihren Tag der sch\u00f6nsten Tr\u00e4ume organisieren. Die Hochzeitszeremonie kann vor dem Hotel unter der Birke und mit Blick auf die Alpen oder in der Festung von Klu\u017ee durchgef\u00fchrt werden. Wir k\u00f6nnen auch eine Zeremonie f\u00fcr Sie in der Kirche von Bovec arrangieren.<br \/>\nDie S\u00e4le sind mit Bankett- und klassischen Tischen ausgestattet. Bei Ihrer Ankunft oder zur Hochzeitsfeier bereiten wir einen Empfang mit Sekt und Beeren und musikalischer Begleitung vor. Unser Team kann Sie auch zu verschiedenen Orten in den T\u00e4lern begleiten.<br \/>\nK\u00f6che bereiten mit exzellenten Hochzeitsmen\u00fcs ein unvergessliches kulinarisches Erlebnis, das auch die Skeptiker \u00fcberzeugen wird. Wir werden alle Ihre versteckten W\u00fcnsche ber\u00fccksichtigen, wenn wir uns jeder Hochzeit einzeln n\u00e4hern.<br \/>\nF\u00fcr Hochzeiten bieten wir \u00dcbernachtungen zu g\u00fcnstigeren Preisen an, und f\u00fcr die Jungverm\u00e4hlten ist die Hochzeitsnacht mit Fr\u00fchst\u00fcck kostenlos.<\/p>\n<p>W\u00e4hrend der Hochzeitsfeier k\u00f6nnen verschiedene Arten von alkoholischen und alkoholfreien Getr\u00e4nken oder ausgew\u00e4hlte Premium-Weine aus einer reichen Auswahl an Weinkarten, Cocktails, S\u00e4ften und frischen Fruchtgetr\u00e4nken serviert werden.[\/et_pb_text][\/et_pb_column][et_pb_column type=&#8221;2_5&#8243; _builder_version=&#8221;3.25&#8243; custom_padding=&#8221;|||&#8221; custom_padding__hover=&#8221;|||&#8221;][et_pb_text _builder_version=&#8221;3.23.3&#8243;]<strong>Gerne vermitteln wir Ihnen zus\u00e4tzliche Leistungen wie:<\/strong><\/p>\n<ul>\n<li>Fotograf und Kameramann<\/li>\n<li>Dekor und Blumen<\/li>\n<li>Live-Musik oder ein DJ<\/li>\n<li>Konditoren<\/li>\n<li>Einladungen drucken, danke Kartenmen\u00fc<\/li>\n<li>Feuerwerk<\/li>\n<li>Kinderanimation w\u00e4hrend der Feier<\/li>\n<li>Beratung bei der Organisation und Durchf\u00fchrung der Trauung und Feier<\/li>\n<li>sportliche Aktivit\u00e4ten f\u00fcr G\u00e4ste (Rafting, Zipline, Canyoning &#8230;)<\/li>\n<\/ul>\n<p>[\/et_pb_text][\/et_pb_column][\/et_pb_row][et_pb_row _builder_version=&#8221;3.25&#8243; column_structure=&#8221;1_5,1_5,1_5,1_5,1_5&#8243;][et_pb_column type=&#8221;1_5&#8243; _builder_version=&#8221;3.25&#8243; custom_padding=&#8221;|||&#8221; custom_padding__hover=&#8221;|||&#8221;][et_pb_image src=&#8221;https:\/\/hotel-alp-bovec.com\/wp-content\/uploads\/2017\/08\/band-blur-close-up-265730.jpg&#8221; show_in_lightbox=&#8221;on&#8221; _builder_version=&#8221;3.23.3&#8243;][\/et_pb_image][\/et_pb_column][et_pb_column type=&#8221;1_5&#8243; _builder_version=&#8221;3.25&#8243; custom_padding=&#8221;|||&#8221; custom_padding__hover=&#8221;|||&#8221;][et_pb_image src=&#8221;https:\/\/hotel-alp-bovec.com\/wp-content\/uploads\/2017\/08\/beautiful-blur-bridal-256737.jpg&#8221; show_in_lightbox=&#8221;on&#8221; _builder_version=&#8221;3.23.3&#8243;][\/et_pb_image][\/et_pb_column][et_pb_column type=&#8221;1_5&#8243; _builder_version=&#8221;3.25&#8243; custom_padding=&#8221;|||&#8221; custom_padding__hover=&#8221;|||&#8221;][et_pb_image src=&#8221;https:\/\/hotel-alp-bovec.com\/wp-content\/uploads\/2017\/08\/beautiful-bouquet-bridal-313707.jpg&#8221; show_in_lightbox=&#8221;on&#8221; _builder_version=&#8221;3.23.3&#8243;][\/et_pb_image][\/et_pb_column][et_pb_column type=&#8221;1_5&#8243; _builder_version=&#8221;3.25&#8243; custom_padding=&#8221;|||&#8221; custom_padding__hover=&#8221;|||&#8221;][et_pb_image src=&#8221;https:\/\/hotel-alp-bovec.com\/wp-content\/uploads\/2017\/08\/P5A4342.jpg&#8221; show_in_lightbox=&#8221;on&#8221; _builder_version=&#8221;3.23.3&#8243;][\/et_pb_image][\/et_pb_column][et_pb_column type=&#8221;1_5&#8243; _builder_version=&#8221;3.25&#8243; custom_padding=&#8221;|||&#8221; custom_padding__hover=&#8221;|||&#8221;][et_pb_image src=&#8221;https:\/\/hotel-alp-bovec.com\/wp-content\/uploads\/2017\/08\/2009_04-4607-Restavracija.jpg&#8221; show_in_lightbox=&#8221;on&#8221; _builder_version=&#8221;3.23.3&#8243;][\/et_pb_image][\/et_pb_column][\/et_pb_row][\/et_pb_section][et_pb_section fb_built=&#8221;1&#8243; _builder_version=&#8221;3.22.3&#8243; background_color=&#8221;rgba(23,23,32,0.7)&#8221; background_image=&#8221;https:\/\/hotel-alp-bovec.com\/wp-content\/uploads\/2019\/03\/Bovec_2018-194.jpg&#8221; background_blend=&#8221;multiply&#8221; custom_padding=&#8221;100px||100px|&#8221;][et_pb_row _builder_version=&#8221;3.25&#8243; width=&#8221;50%&#8221; max_width=&#8221;50%&#8221; use_custom_width=&#8221;on&#8221; width_unit=&#8221;off&#8221; custom_width_percent=&#8221;50%&#8221;][et_pb_column type=&#8221;4_4&#8243; _builder_version=&#8221;3.25&#8243; background_position=&#8221;top_left&#8221; custom_padding=&#8221;|||&#8221; custom_padding__hover=&#8221;|||&#8221;][et_pb_cta title=&#8221;M\u00d6CHTEN SIE EIN ZIMMER BUCHEN?&#8221; button_url=&#8221;https:\/\/hotel-alp-bovec.com\/room-2\/&#8221; button_text=&#8221;BUCHEN SIE DAS ZIMMER&#8221; admin_label=&#8221;5 Star Room Booking CTA&#8221; _builder_version=&#8221;3.21&#8243; header_font=&#8221;|on|||&#8221; header_font_size=&#8221;36&#8243; body_font_size=&#8221;18&#8243; use_background_color=&#8221;off&#8221; custom_button=&#8221;on&#8221; button_text_color=&#8221;#ffffff&#8221; button_font=&#8221;||||||||&#8221; header_font_size_tablet=&#8221;51&#8243; header_line_height_tablet=&#8221;2&#8243; body_font_size_tablet=&#8221;51&#8243; body_line_height_tablet=&#8221;2&#8243; button_text_size_tablet=&#8221;1&#8243; button_letter_spacing_tablet=&#8221;0&#8243; button_text_size__hover_enabled=&#8221;off&#8221; button_one_text_size__hover_enabled=&#8221;off&#8221; button_two_text_size__hover_enabled=&#8221;off&#8221; button_text_color__hover_enabled=&#8221;off&#8221; button_one_text_color__hover_enabled=&#8221;off&#8221; button_two_text_color__hover_enabled=&#8221;off&#8221; button_border_width__hover_enabled=&#8221;off&#8221; button_one_border_width__hover_enabled=&#8221;off&#8221; button_two_border_width__hover_enabled=&#8221;off&#8221; button_border_color__hover_enabled=&#8221;off&#8221; button_one_border_color__hover_enabled=&#8221;off&#8221; button_two_border_color__hover_enabled=&#8221;off&#8221; button_border_radius__hover_enabled=&#8221;off&#8221; button_one_border_radius__hover_enabled=&#8221;off&#8221; button_two_border_radius__hover_enabled=&#8221;off&#8221; button_letter_spacing__hover_enabled=&#8221;off&#8221; button_one_letter_spacing__hover_enabled=&#8221;off&#8221; button_two_letter_spacing__hover_enabled=&#8221;off&#8221; button_bg_color__hover_enabled=&#8221;off&#8221; button_one_bg_color__hover_enabled=&#8221;off&#8221; button_two_bg_color__hover_enabled=&#8221;off&#8221;]Buchen Sie noch heute ein Zimmer![\/et_pb_cta][\/et_pb_column][\/et_pb_row][\/et_pb_section]<\/p>\n","protected":false},"excerpt":{"rendered":"<p>Wenn Sie sich f\u00fcr unsere Dienstleistungen entscheiden, sorgen wir gerne daf\u00fcr, dass Ihr Tag wirklich ein Tag ist, den Sie nicht vergessen werden. In einer Mehrzweckhalle mit einer Kapazit\u00e4t von bis zu 140 Personen k\u00f6nnen wir Ihren Tag der sch\u00f6nsten Tr\u00e4ume organisieren. Die Hochzeitszeremonie kann vor dem Hotel unter der Birke und mit Blick auf [&hellip;]<\/p>\n","protected":false},"author":1,"featured_media":0,"parent":0,"menu_order":0,"comment_status":"closed","ping_status":"closed","template":"","meta":{"_acf_changed":false,"_et_pb_use_builder":"on","_et_pb_old_content":"","_et_gb_content_width":"","footnotes":""},"class_list":["post-2512","page","type-page","status-publish","hentry"],"acf":[],"yoast_head":"<!-- This site is optimized with the Yoast SEO plugin v27.6 - https:\/\/yoast.com\/product\/yoast-seo-wordpress\/ -->\n<title>Hochzeiten - Hotel ALP Bovec<\/title>\n<meta name=\"robots\" content=\"index, follow, max-snippet:-1, max-image-preview:large, max-video-preview:-1\" \/>\n<link rel=\"canonical\" href=\"https:\/\/hotel-alp-bovec.com\/de\/hochzeiten\/\" \/>\n<meta property=\"og:locale\" content=\"de_DE\" \/>\n<meta property=\"og:type\" content=\"article\" \/>\n<meta property=\"og:title\" content=\"Hochzeiten - Hotel ALP Bovec\" \/>\n<meta property=\"og:description\" content=\"Wenn Sie sich f\u00fcr unsere Dienstleistungen entscheiden, sorgen wir gerne daf\u00fcr, dass Ihr Tag wirklich ein Tag ist, den Sie nicht vergessen werden. In einer Mehrzweckhalle mit einer Kapazit\u00e4t von bis zu 140 Personen k\u00f6nnen wir Ihren Tag der sch\u00f6nsten Tr\u00e4ume organisieren. Die Hochzeitszeremonie kann vor dem Hotel unter der Birke und mit Blick auf [&hellip;]\" \/>\n<meta property=\"og:url\" content=\"https:\/\/hotel-alp-bovec.com\/de\/hochzeiten\/\" \/>\n<meta property=\"og:site_name\" content=\"Hotel ALP Bovec\" \/>\n<meta property=\"article:modified_time\" content=\"2019-10-14T09:22:10+00:00\" \/>\n<meta name=\"twitter:card\" content=\"summary_large_image\" \/>\n<meta name=\"twitter:label1\" content=\"Est. reading time\" \/>\n\t<meta name=\"twitter:data1\" content=\"6 minutes\" \/>\n<script type=\"application\/ld+json\" class=\"yoast-schema-graph\">{\"@context\":\"https:\\\/\\\/schema.org\",\"@graph\":[{\"@type\":\"WebPage\",\"@id\":\"https:\\\/\\\/hotel-alp-bovec.com\\\/de\\\/hochzeiten\\\/\",\"url\":\"https:\\\/\\\/hotel-alp-bovec.com\\\/de\\\/hochzeiten\\\/\",\"name\":\"Hochzeiten - Hotel ALP Bovec\",\"isPartOf\":{\"@id\":\"https:\\\/\\\/hotel-alp-bovec.com\\\/de\\\/#website\"},\"datePublished\":\"2019-06-27T12:27:57+00:00\",\"dateModified\":\"2019-10-14T09:22:10+00:00\",\"breadcrumb\":{\"@id\":\"https:\\\/\\\/hotel-alp-bovec.com\\\/de\\\/hochzeiten\\\/#breadcrumb\"},\"inLanguage\":\"de-DE\",\"potentialAction\":[{\"@type\":\"ReadAction\",\"target\":[\"https:\\\/\\\/hotel-alp-bovec.com\\\/de\\\/hochzeiten\\\/\"]}]},{\"@type\":\"BreadcrumbList\",\"@id\":\"https:\\\/\\\/hotel-alp-bovec.com\\\/de\\\/hochzeiten\\\/#breadcrumb\",\"itemListElement\":[{\"@type\":\"ListItem\",\"position\":1,\"name\":\"Home\",\"item\":\"https:\\\/\\\/hotel-alp-bovec.com\\\/de\\\/\"},{\"@type\":\"ListItem\",\"position\":2,\"name\":\"Hochzeiten\"}]},{\"@type\":\"WebSite\",\"@id\":\"https:\\\/\\\/hotel-alp-bovec.com\\\/de\\\/#website\",\"url\":\"https:\\\/\\\/hotel-alp-bovec.com\\\/de\\\/\",\"name\":\"Hotel ALP Bovec\",\"description\":\"\",\"potentialAction\":[{\"@type\":\"SearchAction\",\"target\":{\"@type\":\"EntryPoint\",\"urlTemplate\":\"https:\\\/\\\/hotel-alp-bovec.com\\\/de\\\/?s={search_term_string}\"},\"query-input\":{\"@type\":\"PropertyValueSpecification\",\"valueRequired\":true,\"valueName\":\"search_term_string\"}}],\"inLanguage\":\"de-DE\"}]}<\/script>\n<!-- \/ Yoast SEO plugin. -->","yoast_head_json":{"title":"Hochzeiten - Hotel ALP Bovec","robots":{"index":"index","follow":"follow","max-snippet":"max-snippet:-1","max-image-preview":"max-image-preview:large","max-video-preview":"max-video-preview:-1"},"canonical":"https:\/\/hotel-alp-bovec.com\/de\/hochzeiten\/","og_locale":"de_DE","og_type":"article","og_title":"Hochzeiten - Hotel ALP Bovec","og_description":"Wenn Sie sich f\u00fcr unsere Dienstleistungen entscheiden, sorgen wir gerne daf\u00fcr, dass Ihr Tag wirklich ein Tag ist, den Sie nicht vergessen werden. In einer Mehrzweckhalle mit einer Kapazit\u00e4t von bis zu 140 Personen k\u00f6nnen wir Ihren Tag der sch\u00f6nsten Tr\u00e4ume organisieren. Die Hochzeitszeremonie kann vor dem Hotel unter der Birke und mit Blick auf [&hellip;]","og_url":"https:\/\/hotel-alp-bovec.com\/de\/hochzeiten\/","og_site_name":"Hotel ALP Bovec","article_modified_time":"2019-10-14T09:22:10+00:00","twitter_card":"summary_large_image","twitter_misc":{"Est. reading time":"6 minutes"},"schema":{"@context":"https:\/\/schema.org","@graph":[{"@type":"WebPage","@id":"https:\/\/hotel-alp-bovec.com\/de\/hochzeiten\/","url":"https:\/\/hotel-alp-bovec.com\/de\/hochzeiten\/","name":"Hochzeiten - Hotel ALP Bovec","isPartOf":{"@id":"https:\/\/hotel-alp-bovec.com\/de\/#website"},"datePublished":"2019-06-27T12:27:57+00:00","dateModified":"2019-10-14T09:22:10+00:00","breadcrumb":{"@id":"https:\/\/hotel-alp-bovec.com\/de\/hochzeiten\/#breadcrumb"},"inLanguage":"de-DE","potentialAction":[{"@type":"ReadAction","target":["https:\/\/hotel-alp-bovec.com\/de\/hochzeiten\/"]}]},{"@type":"BreadcrumbList","@id":"https:\/\/hotel-alp-bovec.com\/de\/hochzeiten\/#breadcrumb","itemListElement":[{"@type":"ListItem","position":1,"name":"Home","item":"https:\/\/hotel-alp-bovec.com\/de\/"},{"@type":"ListItem","position":2,"name":"Hochzeiten"}]},{"@type":"WebSite","@id":"https:\/\/hotel-alp-bovec.com\/de\/#website","url":"https:\/\/hotel-alp-bovec.com\/de\/","name":"Hotel ALP Bovec","description":"","potentialAction":[{"@type":"SearchAction","target":{"@type":"EntryPoint","urlTemplate":"https:\/\/hotel-alp-bovec.com\/de\/?s={search_term_string}"},"query-input":{"@type":"PropertyValueSpecification","valueRequired":true,"valueName":"search_term_string"}}],"inLanguage":"de-DE"}]}},"_links":{"self":[{"href":"https:\/\/hotel-alp-bovec.com\/de\/wp-json\/wp\/v2\/pages\/2512","targetHints":{"allow":["GET"]}}],"collection":[{"href":"https:\/\/hotel-alp-bovec.com\/de\/wp-json\/wp\/v2\/pages"}],"about":[{"href":"https:\/\/hotel-alp-bovec.com\/de\/wp-json\/wp\/v2\/types\/page"}],"author":[{"embeddable":true,"href":"https:\/\/hotel-alp-bovec.com\/de\/wp-json\/wp\/v2\/users\/1"}],"replies":[{"embeddable":true,"href":"https:\/\/hotel-alp-bovec.com\/de\/wp-json\/wp\/v2\/comments?post=2512"}],"version-history":[{"count":2,"href":"https:\/\/hotel-alp-bovec.com\/de\/wp-json\/wp\/v2\/pages\/2512\/revisions"}],"predecessor-version":[{"id":3196,"href":"https:\/\/hotel-alp-bovec.com\/de\/wp-json\/wp\/v2\/pages\/2512\/revisions\/3196"}],"wp:attachment":[{"href":"https:\/\/hotel-alp-bovec.com\/de\/wp-json\/wp\/v2\/media?parent=2512"}],"curies":[{"name":"wp","href":"https:\/\/api.w.org\/{rel}","templated":true}]}}